{"id":104,"date":"2025-06-07T22:46:26","date_gmt":"2025-06-07T22:46:26","guid":{"rendered":"https:\/\/midnightblue-louse-150295.hostingersite.com\/?page_id=104"},"modified":"2025-06-19T02:37:08","modified_gmt":"2025-06-19T02:37:08","slug":"blog","status":"publish","type":"page","link":"https:\/\/lavieboheme.com.co\/en\/blog\/","title":{"rendered":"Blog"},"content":{"rendered":"<div data-elementor-type=\"wp-page\" data-elementor-id=\"104\" class=\"elementor elementor-104\" data-elementor-post-type=\"page\">\n\t\t\t\t<div class=\"elementor-element elementor-element-39591b4 e-flex e-con-boxed e-con e-parent\" data-id=\"39591b4\" data-element_type=\"container\" data-e-type=\"container\">\n\t\t\t\t\t<div class=\"e-con-inner\">\n\t\t<div class=\"elementor-element elementor-element-1f4f41d e-con-full e-flex elementor-invisible e-con e-child\" data-id=\"1f4f41d\" data-element_type=\"container\" data-e-type=\"container\" data-settings=\"{&quot;animation&quot;:&quot;fadeInLeft&quot;}\">\n\t\t\t\t<div class=\"elementor-element elementor-element-a8f34d1 elementor-widget elementor-widget-image\" data-id=\"a8f34d1\" data-element_type=\"widget\" data-e-type=\"widget\" data-widget_type=\"image.default\">\n\t\t\t\t<div class=\"elementor-widget-container\">\n\t\t\t\t\t\t\t\t\t\t\t\t\t\t\t<img decoding=\"async\" width=\"123\" height=\"74\" src=\"https:\/\/lavieboheme.com.co\/wp-content\/uploads\/2025\/06\/6133e91cfb865fb4c377c95d_sunrays-mustard.svg\" class=\"attachment-large size-large wp-image-25\" alt=\"\" \/>\t\t\t\t\t\t\t\t\t\t\t\t\t\t\t<\/div>\n\t\t\t\t<\/div>\n\t\t\t\t<div class=\"elementor-element elementor-element-9d14825 elementor-widget elementor-widget-heading\" data-id=\"9d14825\" data-element_type=\"widget\" data-e-type=\"widget\" data-widget_type=\"heading.default\">\n\t\t\t\t<div class=\"elementor-widget-container\">\n\t\t\t\t\t<h2 class=\"elementor-heading-title elementor-size-default\">Blog<\/h2>\t\t\t\t<\/div>\n\t\t\t\t<\/div>\n\t\t\t\t<div class=\"elementor-element elementor-element-aa4cf33 elementor-widget elementor-widget-heading\" data-id=\"aa4cf33\" data-element_type=\"widget\" data-e-type=\"widget\" data-widget_type=\"heading.default\">\n\t\t\t\t<div class=\"elementor-widget-container\">\n\t\t\t\t\t<h2 class=\"elementor-heading-title elementor-size-default\">Resources to help you organizing the wedding of your dreams<\/h2>\t\t\t\t<\/div>\n\t\t\t\t<\/div>\n\t\t\t\t<div class=\"elementor-element elementor-element-05327c6 elementor-widget elementor-widget-text-editor\" data-id=\"05327c6\" data-element_type=\"widget\" data-e-type=\"widget\" data-widget_type=\"text-editor.default\">\n\t\t\t\t<div class=\"elementor-widget-container\">\n\t\t\t\t\t\t\t\t\t<p>Discover some articles and guides that will help you on this wonderful journey of planning and organizing your wedding. Here you'll find useful tips, inspiration and recommendations to make every step of the process easier, more exciting and more meaningful.<\/p><p><script src=\"chrome-extension:\/\/bincmiainjofjnhchmcalkanjebghoen\/aiscripts\/script-main.js\"><\/script><\/p><p><script src=\"chrome-extension:\/\/bincmiainjofjnhchmcalkanjebghoen\/aiscripts\/script-main.js\"><\/script><\/p>\t\t\t\t\t\t\t\t<\/div>\n\t\t\t\t<\/div>\n\t\t\t\t<\/div>\n\t\t\t\t\t<\/div>\n\t\t\t\t<\/div>\n\t\t<div class=\"elementor-element elementor-element-e10271c e-flex e-con-boxed e-con e-parent\" data-id=\"e10271c\" data-element_type=\"container\" data-e-type=\"container\">\n\t\t\t\t\t<div class=\"e-con-inner\">\n\t\t<div class=\"elementor-element elementor-element-6fe9dcc e-con-full e-flex e-con e-child\" data-id=\"6fe9dcc\" data-element_type=\"container\" data-e-type=\"container\" data-settings=\"{&quot;background_background&quot;:&quot;classic&quot;}\">\n\t\t<div class=\"elementor-element elementor-element-960fb65 e-grid e-con-full e-con e-child\" data-id=\"960fb65\" data-element_type=\"container\" data-e-type=\"container\">\n\t\t\t\t<div class=\"elementor-element elementor-element-a020c6b elementor-widget elementor-widget-image\" data-id=\"a020c6b\" data-element_type=\"widget\" data-e-type=\"widget\" data-widget_type=\"image.default\">\n\t\t\t\t<div class=\"elementor-widget-container\">\n\t\t\t\t\t\t\t\t\t\t\t\t\t\t\t<img fetchpriority=\"high\" decoding=\"async\" width=\"800\" height=\"534\" src=\"https:\/\/lavieboheme.com.co\/wp-content\/uploads\/2025\/06\/681e2c7b36121cd541d6699d_Couple-wedding-planner-Destino-Medellin-4-1-p-1600-1024x683.jpg\" class=\"attachment-large size-large wp-image-107\" alt=\"\" srcset=\"https:\/\/lavieboheme.com.co\/wp-content\/uploads\/2025\/06\/681e2c7b36121cd541d6699d_Couple-wedding-planner-Destino-Medellin-4-1-p-1600-1024x683.jpg 1024w, https:\/\/lavieboheme.com.co\/wp-content\/uploads\/2025\/06\/681e2c7b36121cd541d6699d_Couple-wedding-planner-Destino-Medellin-4-1-p-1600-300x200.jpg 300w, https:\/\/lavieboheme.com.co\/wp-content\/uploads\/2025\/06\/681e2c7b36121cd541d6699d_Couple-wedding-planner-Destino-Medellin-4-1-p-1600-768x512.jpg 768w, https:\/\/lavieboheme.com.co\/wp-content\/uploads\/2025\/06\/681e2c7b36121cd541d6699d_Couple-wedding-planner-Destino-Medellin-4-1-p-1600-1536x1024.jpg 1536w, https:\/\/lavieboheme.com.co\/wp-content\/uploads\/2025\/06\/681e2c7b36121cd541d6699d_Couple-wedding-planner-Destino-Medellin-4-1-p-1600.jpg 1600w\" sizes=\"(max-width: 800px) 100vw, 800px\" \/>\t\t\t\t\t\t\t\t\t\t\t\t\t\t\t<\/div>\n\t\t\t\t<\/div>\n\t\t<div class=\"elementor-element elementor-element-7f498bc e-con-full e-flex e-con e-child\" data-id=\"7f498bc\" data-element_type=\"container\" data-e-type=\"container\">\n\t\t\t\t<div class=\"elementor-element elementor-element-8fcfa88 elementor-widget elementor-widget-heading\" data-id=\"8fcfa88\" data-element_type=\"widget\" data-e-type=\"widget\" data-widget_type=\"heading.default\">\n\t\t\t\t<div class=\"elementor-widget-container\">\n\t\t\t\t\t<h2 class=\"elementor-heading-title elementor-size-default\">10 Reasons Why You Should Get Married in Medell\u00edn, Colombia<\/h2>\t\t\t\t<\/div>\n\t\t\t\t<\/div>\n\t\t\t\t<div class=\"elementor-element elementor-element-af75c7c elementor-align-center elementor-widget elementor-widget-button\" data-id=\"af75c7c\" data-element_type=\"widget\" data-e-type=\"widget\" data-widget_type=\"button.default\">\n\t\t\t\t<div class=\"elementor-widget-container\">\n\t\t\t\t\t\t\t\t\t<div class=\"elementor-button-wrapper\">\n\t\t\t\t\t<a class=\"elementor-button elementor-button-link elementor-size-sm\" href=\"https:\/\/midnightblue-louse-150295.hostingersite.com\/razones-por-las-que-deberias-casarte-en-medellin-colombia\/\">\n\t\t\t\t\t\t<span class=\"elementor-button-content-wrapper\">\n\t\t\t\t\t\t\t\t\t<span class=\"elementor-button-text\">Read the full article<\/span>\n\t\t\t\t\t<\/span>\n\t\t\t\t\t<\/a>\n\t\t\t\t<\/div>\n\t\t\t\t\t\t\t\t<\/div>\n\t\t\t\t<\/div>\n\t\t\t\t<\/div>\n\t\t\t\t<\/div>\n\t\t<div class=\"elementor-element elementor-element-8262ed7 e-grid e-con-full e-con e-child\" data-id=\"8262ed7\" data-element_type=\"container\" data-e-type=\"container\">\n\t\t\t\t<div class=\"elementor-element elementor-element-53304b4 elementor-widget elementor-widget-image\" data-id=\"53304b4\" data-element_type=\"widget\" data-e-type=\"widget\" data-widget_type=\"image.default\">\n\t\t\t\t<div class=\"elementor-widget-container\">\n\t\t\t\t\t\t\t\t\t\t\t\t\t\t\t<img decoding=\"async\" width=\"800\" height=\"534\" src=\"https:\/\/lavieboheme.com.co\/wp-content\/uploads\/2025\/06\/68255bca1e23d6f431cb9a0c_Boda-Destino-Playa-wedding-beach-Santa-Marta-12-1-p-1600-1024x683.jpg\" class=\"attachment-large size-large wp-image-108\" alt=\"\" srcset=\"https:\/\/lavieboheme.com.co\/wp-content\/uploads\/2025\/06\/68255bca1e23d6f431cb9a0c_Boda-Destino-Playa-wedding-beach-Santa-Marta-12-1-p-1600-1024x683.jpg 1024w, https:\/\/lavieboheme.com.co\/wp-content\/uploads\/2025\/06\/68255bca1e23d6f431cb9a0c_Boda-Destino-Playa-wedding-beach-Santa-Marta-12-1-p-1600-300x200.jpg 300w, https:\/\/lavieboheme.com.co\/wp-content\/uploads\/2025\/06\/68255bca1e23d6f431cb9a0c_Boda-Destino-Playa-wedding-beach-Santa-Marta-12-1-p-1600-768x512.jpg 768w, https:\/\/lavieboheme.com.co\/wp-content\/uploads\/2025\/06\/68255bca1e23d6f431cb9a0c_Boda-Destino-Playa-wedding-beach-Santa-Marta-12-1-p-1600-1536x1024.jpg 1536w, https:\/\/lavieboheme.com.co\/wp-content\/uploads\/2025\/06\/68255bca1e23d6f431cb9a0c_Boda-Destino-Playa-wedding-beach-Santa-Marta-12-1-p-1600.jpg 1600w\" sizes=\"(max-width: 800px) 100vw, 800px\" \/>\t\t\t\t\t\t\t\t\t\t\t\t\t\t\t<\/div>\n\t\t\t\t<\/div>\n\t\t<div class=\"elementor-element elementor-element-9eb2829 e-con-full e-flex e-con e-child\" data-id=\"9eb2829\" data-element_type=\"container\" data-e-type=\"container\">\n\t\t\t\t<div class=\"elementor-element elementor-element-611a755 elementor-widget elementor-widget-heading\" data-id=\"611a755\" data-element_type=\"widget\" data-e-type=\"widget\" data-widget_type=\"heading.default\">\n\t\t\t\t<div class=\"elementor-widget-container\">\n\t\t\t\t\t<h2 class=\"elementor-heading-title elementor-size-default\">10 Reasons Why You Should Get Married in Santa Marta, Colombia<\/h2>\t\t\t\t<\/div>\n\t\t\t\t<\/div>\n\t\t\t\t<div class=\"elementor-element elementor-element-c96b526 elementor-align-center elementor-widget elementor-widget-button\" data-id=\"c96b526\" data-element_type=\"widget\" data-e-type=\"widget\" data-widget_type=\"button.default\">\n\t\t\t\t<div class=\"elementor-widget-container\">\n\t\t\t\t\t\t\t\t\t<div class=\"elementor-button-wrapper\">\n\t\t\t\t\t<a class=\"elementor-button elementor-button-link elementor-size-sm\" href=\"https:\/\/midnightblue-louse-150295.hostingersite.com\/razones-por-las-que-deberias-casarte-en-santa-marta-colombia\/\">\n\t\t\t\t\t\t<span class=\"elementor-button-content-wrapper\">\n\t\t\t\t\t\t\t\t\t<span class=\"elementor-button-text\">Read the full article<\/span>\n\t\t\t\t\t<\/span>\n\t\t\t\t\t<\/a>\n\t\t\t\t<\/div>\n\t\t\t\t\t\t\t\t<\/div>\n\t\t\t\t<\/div>\n\t\t\t\t<\/div>\n\t\t\t\t<\/div>\n\t\t<div class=\"elementor-element elementor-element-a531a56 e-grid e-con-full e-con e-child\" data-id=\"a531a56\" data-element_type=\"container\" data-e-type=\"container\">\n\t\t\t\t<div class=\"elementor-element elementor-element-3cba348 elementor-widget elementor-widget-image\" data-id=\"3cba348\" data-element_type=\"widget\" data-e-type=\"widget\" data-widget_type=\"image.default\">\n\t\t\t\t<div class=\"elementor-widget-container\">\n\t\t\t\t\t\t\t\t\t\t\t\t\t\t\t<img loading=\"lazy\" decoding=\"async\" width=\"800\" height=\"533\" src=\"https:\/\/lavieboheme.com.co\/wp-content\/uploads\/2025\/06\/68255c5dc0841b0ca54807b2_Wedding-Destination-Medellin-Colombia-1-1-p-1600-1024x682.jpg\" class=\"attachment-large size-large wp-image-109\" alt=\"\" srcset=\"https:\/\/lavieboheme.com.co\/wp-content\/uploads\/2025\/06\/68255c5dc0841b0ca54807b2_Wedding-Destination-Medellin-Colombia-1-1-p-1600-1024x682.jpg 1024w, https:\/\/lavieboheme.com.co\/wp-content\/uploads\/2025\/06\/68255c5dc0841b0ca54807b2_Wedding-Destination-Medellin-Colombia-1-1-p-1600-300x200.jpg 300w, https:\/\/lavieboheme.com.co\/wp-content\/uploads\/2025\/06\/68255c5dc0841b0ca54807b2_Wedding-Destination-Medellin-Colombia-1-1-p-1600-768x512.jpg 768w, https:\/\/lavieboheme.com.co\/wp-content\/uploads\/2025\/06\/68255c5dc0841b0ca54807b2_Wedding-Destination-Medellin-Colombia-1-1-p-1600-1536x1023.jpg 1536w, https:\/\/lavieboheme.com.co\/wp-content\/uploads\/2025\/06\/68255c5dc0841b0ca54807b2_Wedding-Destination-Medellin-Colombia-1-1-p-1600.jpg 1600w\" sizes=\"(max-width: 800px) 100vw, 800px\" \/>\t\t\t\t\t\t\t\t\t\t\t\t\t\t\t<\/div>\n\t\t\t\t<\/div>\n\t\t<div class=\"elementor-element elementor-element-057c833 e-con-full e-flex e-con e-child\" data-id=\"057c833\" data-element_type=\"container\" data-e-type=\"container\">\n\t\t\t\t<div class=\"elementor-element elementor-element-696a0aa elementor-widget elementor-widget-heading\" data-id=\"696a0aa\" data-element_type=\"widget\" data-e-type=\"widget\" data-widget_type=\"heading.default\">\n\t\t\t\t<div class=\"elementor-widget-container\">\n\t\t\t\t\t<h2 class=\"elementor-heading-title elementor-size-default\">How to set your wedding budget?<\/h2>\t\t\t\t<\/div>\n\t\t\t\t<\/div>\n\t\t\t\t<div class=\"elementor-element elementor-element-c260a35 elementor-align-center elementor-widget elementor-widget-button\" data-id=\"c260a35\" data-element_type=\"widget\" data-e-type=\"widget\" data-widget_type=\"button.default\">\n\t\t\t\t<div class=\"elementor-widget-container\">\n\t\t\t\t\t\t\t\t\t<div class=\"elementor-button-wrapper\">\n\t\t\t\t\t<a class=\"elementor-button elementor-button-link elementor-size-sm\" href=\"https:\/\/midnightblue-louse-150295.hostingersite.com\/como-establecer-el-presupuesto-de-tu-boda\/\">\n\t\t\t\t\t\t<span class=\"elementor-button-content-wrapper\">\n\t\t\t\t\t\t\t\t\t<span class=\"elementor-button-text\">Read the full article<\/span>\n\t\t\t\t\t<\/span>\n\t\t\t\t\t<\/a>\n\t\t\t\t<\/div>\n\t\t\t\t\t\t\t\t<\/div>\n\t\t\t\t<\/div>\n\t\t\t\t<\/div>\n\t\t\t\t<\/div>\n\t\t<div class=\"elementor-element elementor-element-9d4dc06 e-grid e-con-full e-con e-child\" data-id=\"9d4dc06\" data-element_type=\"container\" data-e-type=\"container\">\n\t\t\t\t<div class=\"elementor-element elementor-element-79effe2 elementor-widget elementor-widget-image\" data-id=\"79effe2\" data-element_type=\"widget\" data-e-type=\"widget\" data-widget_type=\"image.default\">\n\t\t\t\t<div class=\"elementor-widget-container\">\n\t\t\t\t\t\t\t\t\t\t\t\t\t\t\t<img loading=\"lazy\" decoding=\"async\" width=\"800\" height=\"534\" src=\"https:\/\/lavieboheme.com.co\/wp-content\/uploads\/2025\/06\/68255d36c7cae9d43894d0f6_Wedding-planner-team-destination-Santamarta-Colombia-4-p-1600-1024x684.jpg\" class=\"attachment-large size-large wp-image-110\" alt=\"\" srcset=\"https:\/\/lavieboheme.com.co\/wp-content\/uploads\/2025\/06\/68255d36c7cae9d43894d0f6_Wedding-planner-team-destination-Santamarta-Colombia-4-p-1600-1024x684.jpg 1024w, https:\/\/lavieboheme.com.co\/wp-content\/uploads\/2025\/06\/68255d36c7cae9d43894d0f6_Wedding-planner-team-destination-Santamarta-Colombia-4-p-1600-300x200.jpg 300w, https:\/\/lavieboheme.com.co\/wp-content\/uploads\/2025\/06\/68255d36c7cae9d43894d0f6_Wedding-planner-team-destination-Santamarta-Colombia-4-p-1600-768x513.jpg 768w, https:\/\/lavieboheme.com.co\/wp-content\/uploads\/2025\/06\/68255d36c7cae9d43894d0f6_Wedding-planner-team-destination-Santamarta-Colombia-4-p-1600-1536x1025.jpg 1536w, https:\/\/lavieboheme.com.co\/wp-content\/uploads\/2025\/06\/68255d36c7cae9d43894d0f6_Wedding-planner-team-destination-Santamarta-Colombia-4-p-1600.jpg 1600w\" sizes=\"(max-width: 800px) 100vw, 800px\" \/>\t\t\t\t\t\t\t\t\t\t\t\t\t\t\t<\/div>\n\t\t\t\t<\/div>\n\t\t<div class=\"elementor-element elementor-element-390835b e-con-full e-flex e-con e-child\" data-id=\"390835b\" data-element_type=\"container\" data-e-type=\"container\">\n\t\t\t\t<div class=\"elementor-element elementor-element-51c61c2 elementor-widget elementor-widget-heading\" data-id=\"51c61c2\" data-element_type=\"widget\" data-e-type=\"widget\" data-widget_type=\"heading.default\">\n\t\t\t\t<div class=\"elementor-widget-container\">\n\t\t\t\t\t<h2 class=\"elementor-heading-title elementor-size-default\">Reasons why you need to hire a wedding planner<\/h2>\t\t\t\t<\/div>\n\t\t\t\t<\/div>\n\t\t\t\t<div class=\"elementor-element elementor-element-2d2aea8 elementor-align-center elementor-widget elementor-widget-button\" data-id=\"2d2aea8\" data-element_type=\"widget\" data-e-type=\"widget\" data-widget_type=\"button.default\">\n\t\t\t\t<div class=\"elementor-widget-container\">\n\t\t\t\t\t\t\t\t\t<div class=\"elementor-button-wrapper\">\n\t\t\t\t\t<a class=\"elementor-button elementor-button-link elementor-size-sm\" href=\"https:\/\/midnightblue-louse-150295.hostingersite.com\/razones-por-las-que-necesitas-contratar-una-wedding-planner\/\">\n\t\t\t\t\t\t<span class=\"elementor-button-content-wrapper\">\n\t\t\t\t\t\t\t\t\t<span class=\"elementor-button-text\">Read the full article<\/span>\n\t\t\t\t\t<\/span>\n\t\t\t\t\t<\/a>\n\t\t\t\t<\/div>\n\t\t\t\t\t\t\t\t<\/div>\n\t\t\t\t<\/div>\n\t\t\t\t<\/div>\n\t\t\t\t<\/div>\n\t\t\t\t<\/div>\n\t\t\t\t\t<\/div>\n\t\t\t\t<\/div>\n\t\t<div class=\"elementor-element elementor-element-c04d7a4 e-flex e-con-boxed e-con e-parent\" data-id=\"c04d7a4\" data-element_type=\"container\" data-e-type=\"container\" data-settings=\"{&quot;background_background&quot;:&quot;classic&quot;}\">\n\t\t\t\t\t<div class=\"e-con-inner\">\n\t\t\t\t\t<\/div>\n\t\t\t\t<\/div>\n\t\t\t\t<\/div>","protected":false},"excerpt":{"rendered":"<p>Blog Recursos para organizar la boda de tus sue\u00f1os Descubre algunos art\u00edculos y gu\u00edas que te ayudar\u00e1n en este maravilloso camino de planeaci\u00f3n y organizaci\u00f3n de tu boda. Aqu\u00ed encontrar\u00e1s consejos \u00fatiles, inspiraci\u00f3n y recomendaciones para que cada paso del proceso sea m\u00e1s sencillo, emocionante y lleno de sentido. 10 razones por la que deber\u00edas [&hellip;]<\/p>","protected":false},"author":1,"featured_media":0,"parent":0,"menu_order":0,"comment_status":"closed","ping_status":"closed","template":"","meta":{"footnotes":""},"class_list":["post-104","page","type-page","status-publish","hentry"],"yoast_head":"<!-- This site is optimized with the Yoast SEO plugin v27.4 - https:\/\/yoast.com\/product\/yoast-seo-wordpress\/ -->\n<title>Blog - La Vie Boh\u00e8me<\/title>\n<meta name=\"description\" content=\"Blog Recursos para organizar la boda de tus sue\u00f1os Descubre algunos art\u00edculos y gu\u00edas que te ayudar\u00e1n en este maravilloso camino de planeaci\u00f3n y organiz...\" \/>\n<meta name=\"robots\" content=\"index, follow, max-snippet:-1, max-image-preview:large, max-video-preview:-1\" \/>\n<link rel=\"canonical\" href=\"https:\/\/lavieboheme.com.co\/en\/blog\/\" \/>\n<meta property=\"og:locale\" content=\"en_US\" \/>\n<meta property=\"og:type\" content=\"article\" \/>\n<meta property=\"og:title\" content=\"Blog - La Vie Boh\u00e8me\" \/>\n<meta property=\"og:description\" content=\"Blog Recursos para organizar la boda de tus sue\u00f1os Descubre algunos art\u00edculos y gu\u00edas que te ayudar\u00e1n en este maravilloso camino de planeaci\u00f3n y organiz...\" \/>\n<meta property=\"og:url\" content=\"https:\/\/lavieboheme.com.co\/en\/blog\/\" \/>\n<meta property=\"og:site_name\" content=\"La Vie Boh\u00e8me\" \/>\n<meta property=\"article:modified_time\" content=\"2025-06-19T02:37:08+00:00\" \/>\n<meta property=\"og:image\" content=\"http:\/\/lavieboheme.com.co\/wp-content\/uploads\/2025\/06\/6133e91cfb865fb4c377c95d_sunrays-mustard.svg\" \/>\n<meta name=\"twitter:card\" content=\"summary_large_image\" \/>\n<meta name=\"twitter:label1\" content=\"Est. reading time\" \/>\n\t<meta name=\"twitter:data1\" content=\"2 minutes\" \/>\n<script type=\"application\/ld+json\" class=\"yoast-schema-graph\">{\"@context\":\"https:\\\/\\\/schema.org\",\"@graph\":[{\"@type\":\"WebPage\",\"@id\":\"https:\\\/\\\/lavieboheme.com.co\\\/en\\\/blog\\\/\",\"url\":\"https:\\\/\\\/lavieboheme.com.co\\\/en\\\/blog\\\/\",\"name\":\"Blog - La Vie Boh\u00e8me\",\"isPartOf\":{\"@id\":\"https:\\\/\\\/lavieboheme.com.co\\\/#website\"},\"primaryImageOfPage\":{\"@id\":\"https:\\\/\\\/lavieboheme.com.co\\\/en\\\/blog\\\/#primaryimage\"},\"image\":{\"@id\":\"https:\\\/\\\/lavieboheme.com.co\\\/en\\\/blog\\\/#primaryimage\"},\"thumbnailUrl\":\"http:\\\/\\\/lavieboheme.com.co\\\/wp-content\\\/uploads\\\/2025\\\/06\\\/6133e91cfb865fb4c377c95d_sunrays-mustard.svg\",\"datePublished\":\"2025-06-07T22:46:26+00:00\",\"dateModified\":\"2025-06-19T02:37:08+00:00\",\"description\":\"Blog Recursos para organizar la boda de tus sue\u00f1os Descubre algunos art\u00edculos y gu\u00edas que te ayudar\u00e1n en este maravilloso camino de planeaci\u00f3n y organiz...\",\"breadcrumb\":{\"@id\":\"https:\\\/\\\/lavieboheme.com.co\\\/en\\\/blog\\\/#breadcrumb\"},\"inLanguage\":\"en-US\",\"potentialAction\":[{\"@type\":\"ReadAction\",\"target\":[\"https:\\\/\\\/lavieboheme.com.co\\\/en\\\/blog\\\/\"]}]},{\"@type\":\"ImageObject\",\"inLanguage\":\"en-US\",\"@id\":\"https:\\\/\\\/lavieboheme.com.co\\\/en\\\/blog\\\/#primaryimage\",\"url\":\"http:\\\/\\\/lavieboheme.com.co\\\/wp-content\\\/uploads\\\/2025\\\/06\\\/6133e91cfb865fb4c377c95d_sunrays-mustard.svg\",\"contentUrl\":\"http:\\\/\\\/lavieboheme.com.co\\\/wp-content\\\/uploads\\\/2025\\\/06\\\/6133e91cfb865fb4c377c95d_sunrays-mustard.svg\"},{\"@type\":\"BreadcrumbList\",\"@id\":\"https:\\\/\\\/lavieboheme.com.co\\\/en\\\/blog\\\/#breadcrumb\",\"itemListElement\":[{\"@type\":\"ListItem\",\"position\":1,\"name\":\"Portada\",\"item\":\"https:\\\/\\\/lavieboheme.com.co\\\/en\\\/\"},{\"@type\":\"ListItem\",\"position\":2,\"name\":\"Blog\"}]},{\"@type\":\"WebSite\",\"@id\":\"https:\\\/\\\/lavieboheme.com.co\\\/#website\",\"url\":\"https:\\\/\\\/lavieboheme.com.co\\\/\",\"name\":\"La Vie Boh\u00e8me\",\"description\":\"La\u202fVie\u202fBoh\u00e8me es una wedding planner especializada en bodas destino con un estilo bohemio\",\"publisher\":{\"@id\":\"https:\\\/\\\/lavieboheme.com.co\\\/#organization\"},\"potentialAction\":[{\"@type\":\"SearchAction\",\"target\":{\"@type\":\"EntryPoint\",\"urlTemplate\":\"https:\\\/\\\/lavieboheme.com.co\\\/?s={search_term_string}\"},\"query-input\":{\"@type\":\"PropertyValueSpecification\",\"valueRequired\":true,\"valueName\":\"search_term_string\"}}],\"inLanguage\":\"en-US\"},{\"@type\":\"Organization\",\"@id\":\"https:\\\/\\\/lavieboheme.com.co\\\/#organization\",\"name\":\"La Vie Boh\u00e8me\",\"url\":\"https:\\\/\\\/lavieboheme.com.co\\\/\",\"logo\":{\"@type\":\"ImageObject\",\"inLanguage\":\"en-US\",\"@id\":\"https:\\\/\\\/lavieboheme.com.co\\\/#\\\/schema\\\/logo\\\/image\\\/\",\"url\":\"http:\\\/\\\/lavieboheme.com.co\\\/wp-content\\\/uploads\\\/2025\\\/06\\\/6133eef9ecf1c7bd1f68bdb0_simbolo-la-vie-boheme.png\",\"contentUrl\":\"http:\\\/\\\/lavieboheme.com.co\\\/wp-content\\\/uploads\\\/2025\\\/06\\\/6133eef9ecf1c7bd1f68bdb0_simbolo-la-vie-boheme.png\",\"width\":129,\"height\":118,\"caption\":\"La Vie Boh\u00e8me\"},\"image\":{\"@id\":\"https:\\\/\\\/lavieboheme.com.co\\\/#\\\/schema\\\/logo\\\/image\\\/\"},\"sameAs\":[\"https:\\\/\\\/www.instagram.com\\\/laviebohemeco\"]}]}<\/script>\n<!-- \/ Yoast SEO plugin. -->","yoast_head_json":{"title":"Blog - La Vie Boh\u00e8me","description":"Blog Recursos para organizar la boda de tus sue\u00f1os Descubre algunos art\u00edculos y gu\u00edas que te ayudar\u00e1n en este maravilloso camino de planeaci\u00f3n y organiz...","robots":{"index":"index","follow":"follow","max-snippet":"max-snippet:-1","max-image-preview":"max-image-preview:large","max-video-preview":"max-video-preview:-1"},"canonical":"https:\/\/lavieboheme.com.co\/en\/blog\/","og_locale":"en_US","og_type":"article","og_title":"Blog - La Vie Boh\u00e8me","og_description":"Blog Recursos para organizar la boda de tus sue\u00f1os Descubre algunos art\u00edculos y gu\u00edas que te ayudar\u00e1n en este maravilloso camino de planeaci\u00f3n y organiz...","og_url":"https:\/\/lavieboheme.com.co\/en\/blog\/","og_site_name":"La Vie Boh\u00e8me","article_modified_time":"2025-06-19T02:37:08+00:00","og_image":[{"url":"http:\/\/lavieboheme.com.co\/wp-content\/uploads\/2025\/06\/6133e91cfb865fb4c377c95d_sunrays-mustard.svg","type":"","width":"","height":""}],"twitter_card":"summary_large_image","twitter_misc":{"Est. reading time":"2 minutes"},"schema":{"@context":"https:\/\/schema.org","@graph":[{"@type":"WebPage","@id":"https:\/\/lavieboheme.com.co\/en\/blog\/","url":"https:\/\/lavieboheme.com.co\/en\/blog\/","name":"Blog - La Vie Boh\u00e8me","isPartOf":{"@id":"https:\/\/lavieboheme.com.co\/#website"},"primaryImageOfPage":{"@id":"https:\/\/lavieboheme.com.co\/en\/blog\/#primaryimage"},"image":{"@id":"https:\/\/lavieboheme.com.co\/en\/blog\/#primaryimage"},"thumbnailUrl":"http:\/\/lavieboheme.com.co\/wp-content\/uploads\/2025\/06\/6133e91cfb865fb4c377c95d_sunrays-mustard.svg","datePublished":"2025-06-07T22:46:26+00:00","dateModified":"2025-06-19T02:37:08+00:00","description":"Blog Recursos para organizar la boda de tus sue\u00f1os Descubre algunos art\u00edculos y gu\u00edas que te ayudar\u00e1n en este maravilloso camino de planeaci\u00f3n y organiz...","breadcrumb":{"@id":"https:\/\/lavieboheme.com.co\/en\/blog\/#breadcrumb"},"inLanguage":"en-US","potentialAction":[{"@type":"ReadAction","target":["https:\/\/lavieboheme.com.co\/en\/blog\/"]}]},{"@type":"ImageObject","inLanguage":"en-US","@id":"https:\/\/lavieboheme.com.co\/en\/blog\/#primaryimage","url":"http:\/\/lavieboheme.com.co\/wp-content\/uploads\/2025\/06\/6133e91cfb865fb4c377c95d_sunrays-mustard.svg","contentUrl":"http:\/\/lavieboheme.com.co\/wp-content\/uploads\/2025\/06\/6133e91cfb865fb4c377c95d_sunrays-mustard.svg"},{"@type":"BreadcrumbList","@id":"https:\/\/lavieboheme.com.co\/en\/blog\/#breadcrumb","itemListElement":[{"@type":"ListItem","position":1,"name":"Portada","item":"https:\/\/lavieboheme.com.co\/en\/"},{"@type":"ListItem","position":2,"name":"Blog"}]},{"@type":"WebSite","@id":"https:\/\/lavieboheme.com.co\/#website","url":"https:\/\/lavieboheme.com.co\/","name":"La Vie Boh\u00e8me","description":"La\u202fVie\u202fBoh\u00e8me es una wedding planner especializada en bodas destino con un estilo bohemio","publisher":{"@id":"https:\/\/lavieboheme.com.co\/#organization"},"potentialAction":[{"@type":"SearchAction","target":{"@type":"EntryPoint","urlTemplate":"https:\/\/lavieboheme.com.co\/?s={search_term_string}"},"query-input":{"@type":"PropertyValueSpecification","valueRequired":true,"valueName":"search_term_string"}}],"inLanguage":"en-US"},{"@type":"Organization","@id":"https:\/\/lavieboheme.com.co\/#organization","name":"La Vie Boh\u00e8me","url":"https:\/\/lavieboheme.com.co\/","logo":{"@type":"ImageObject","inLanguage":"en-US","@id":"https:\/\/lavieboheme.com.co\/#\/schema\/logo\/image\/","url":"http:\/\/lavieboheme.com.co\/wp-content\/uploads\/2025\/06\/6133eef9ecf1c7bd1f68bdb0_simbolo-la-vie-boheme.png","contentUrl":"http:\/\/lavieboheme.com.co\/wp-content\/uploads\/2025\/06\/6133eef9ecf1c7bd1f68bdb0_simbolo-la-vie-boheme.png","width":129,"height":118,"caption":"La Vie Boh\u00e8me"},"image":{"@id":"https:\/\/lavieboheme.com.co\/#\/schema\/logo\/image\/"},"sameAs":["https:\/\/www.instagram.com\/laviebohemeco"]}]}},"_hostinger_reach_plugin_has_subscription_block":false,"_hostinger_reach_plugin_is_elementor":false,"_links":{"self":[{"href":"https:\/\/lavieboheme.com.co\/en\/wp-json\/wp\/v2\/pages\/104","targetHints":{"allow":["GET"]}}],"collection":[{"href":"https:\/\/lavieboheme.com.co\/en\/wp-json\/wp\/v2\/pages"}],"about":[{"href":"https:\/\/lavieboheme.com.co\/en\/wp-json\/wp\/v2\/types\/page"}],"author":[{"embeddable":true,"href":"https:\/\/lavieboheme.com.co\/en\/wp-json\/wp\/v2\/users\/1"}],"replies":[{"embeddable":true,"href":"https:\/\/lavieboheme.com.co\/en\/wp-json\/wp\/v2\/comments?post=104"}],"version-history":[{"count":5,"href":"https:\/\/lavieboheme.com.co\/en\/wp-json\/wp\/v2\/pages\/104\/revisions"}],"predecessor-version":[{"id":294,"href":"https:\/\/lavieboheme.com.co\/en\/wp-json\/wp\/v2\/pages\/104\/revisions\/294"}],"wp:attachment":[{"href":"https:\/\/lavieboheme.com.co\/en\/wp-json\/wp\/v2\/media?parent=104"}],"curies":[{"name":"wp","href":"https:\/\/api.w.org\/{rel}","templated":true}]}}