{"id":65,"date":"2025-06-06T19:12:35","date_gmt":"2025-06-06T19:12:35","guid":{"rendered":"https:\/\/midnightblue-louse-150295.hostingersite.com\/?page_id=65"},"modified":"2025-07-22T19:59:29","modified_gmt":"2025-07-22T19:59:29","slug":"servicios","status":"publish","type":"page","link":"https:\/\/lavieboheme.com.co\/en\/servicios\/","title":{"rendered":"Services"},"content":{"rendered":"<div data-elementor-type=\"wp-page\" data-elementor-id=\"65\" class=\"elementor elementor-65\" data-elementor-post-type=\"page\">\n\t\t\t\t<div class=\"elementor-element elementor-element-2635757 e-flex e-con-boxed e-con e-parent\" data-id=\"2635757\" data-element_type=\"container\" data-e-type=\"container\">\n\t\t\t\t\t<div class=\"e-con-inner\">\n\t\t\t\t<div class=\"elementor-element elementor-element-46c32b5 elementor-widget elementor-widget-image\" data-id=\"46c32b5\" data-element_type=\"widget\" data-e-type=\"widget\" data-widget_type=\"image.default\">\n\t\t\t\t<div class=\"elementor-widget-container\">\n\t\t\t\t\t\t\t\t\t\t\t\t\t\t\t<img decoding=\"async\" width=\"123\" height=\"74\" src=\"https:\/\/lavieboheme.com.co\/wp-content\/uploads\/2025\/06\/6133e91cfb865fb4c377c95d_sunrays-mustard.svg\" class=\"attachment-large size-large wp-image-25\" alt=\"\" \/>\t\t\t\t\t\t\t\t\t\t\t\t\t\t\t<\/div>\n\t\t\t\t<\/div>\n\t\t\t\t<div class=\"elementor-element elementor-element-7ecd51c elementor-widget elementor-widget-heading\" data-id=\"7ecd51c\" data-element_type=\"widget\" data-e-type=\"widget\" data-widget_type=\"heading.default\">\n\t\t\t\t<div class=\"elementor-widget-container\">\n\t\t\t\t\t<h2 class=\"elementor-heading-title elementor-size-default\">Services<\/h2>\t\t\t\t<\/div>\n\t\t\t\t<\/div>\n\t\t\t\t<div class=\"elementor-element elementor-element-e59007c elementor-widget elementor-widget-text-editor\" data-id=\"e59007c\" data-element_type=\"widget\" data-e-type=\"widget\" data-widget_type=\"text-editor.default\">\n\t\t\t\t<div class=\"elementor-widget-container\">\n\t\t\t\t\t\t\t\t\t<p>We know that the wedding planning process is unique for each couple. For this reason, at La Vie Boh\u00e8me we offer different advice, support and personalized organization plans, adapted to the needs and style of each love story.<br \/>\u200d<br \/>As destination wedding planners in Medell\u00edn and Santa Marta, we design personalized wedding experiences built entirely around your vision and story. From day one, we\u2019re by your side offering 24\/7 support and thoughtful attention to every detail, so you can enjoy the experience with confidence, excitement, and total peace of mind.<\/p><p><script src=\"chrome-extension:\/\/bincmiainjofjnhchmcalkanjebghoen\/aiscripts\/script-main.js\"><\/script><\/p>\t\t\t\t\t\t\t\t<\/div>\n\t\t\t\t<\/div>\n\t\t<div class=\"elementor-element elementor-element-154ec22 e-grid e-con-full e-con e-child\" data-id=\"154ec22\" data-element_type=\"container\" data-e-type=\"container\">\n\t\t<div class=\"elementor-element elementor-element-f68f5e9 e-con-full e-flex e-con e-child\" data-id=\"f68f5e9\" data-element_type=\"container\" data-e-type=\"container\">\n\t\t\t\t<div class=\"elementor-element elementor-element-a0ec8e2 elementor-widget elementor-widget-image\" data-id=\"a0ec8e2\" data-element_type=\"widget\" data-e-type=\"widget\" data-widget_type=\"image.default\">\n\t\t\t\t<div class=\"elementor-widget-container\">\n\t\t\t\t\t\t\t\t\t\t\t\t\t\t\t<img fetchpriority=\"high\" decoding=\"async\" width=\"683\" height=\"1024\" src=\"https:\/\/lavieboheme.com.co\/wp-content\/uploads\/2025\/06\/682386ce74e6c2f43742ea25_Boda-Destino-Medellin-wedding-4-p-1600-683x1024.jpg\" class=\"attachment-large size-large wp-image-71\" alt=\"\" srcset=\"https:\/\/lavieboheme.com.co\/wp-content\/uploads\/2025\/06\/682386ce74e6c2f43742ea25_Boda-Destino-Medellin-wedding-4-p-1600-683x1024.jpg 683w, https:\/\/lavieboheme.com.co\/wp-content\/uploads\/2025\/06\/682386ce74e6c2f43742ea25_Boda-Destino-Medellin-wedding-4-p-1600-200x300.jpg 200w, https:\/\/lavieboheme.com.co\/wp-content\/uploads\/2025\/06\/682386ce74e6c2f43742ea25_Boda-Destino-Medellin-wedding-4-p-1600-768x1152.jpg 768w, https:\/\/lavieboheme.com.co\/wp-content\/uploads\/2025\/06\/682386ce74e6c2f43742ea25_Boda-Destino-Medellin-wedding-4-p-1600-1024x1536.jpg 1024w, https:\/\/lavieboheme.com.co\/wp-content\/uploads\/2025\/06\/682386ce74e6c2f43742ea25_Boda-Destino-Medellin-wedding-4-p-1600-1365x2048.jpg 1365w, https:\/\/lavieboheme.com.co\/wp-content\/uploads\/2025\/06\/682386ce74e6c2f43742ea25_Boda-Destino-Medellin-wedding-4-p-1600.jpg 1600w\" sizes=\"(max-width: 683px) 100vw, 683px\" \/>\t\t\t\t\t\t\t\t\t\t\t\t\t\t\t<\/div>\n\t\t\t\t<\/div>\n\t\t\t\t<div class=\"elementor-element elementor-element-67d866a elementor-widget elementor-widget-heading\" data-id=\"67d866a\" data-element_type=\"widget\" data-e-type=\"widget\" data-widget_type=\"heading.default\">\n\t\t\t\t<div class=\"elementor-widget-container\">\n\t\t\t\t\t<h2 class=\"elementor-heading-title elementor-size-default\">Gardenia Service<\/h2>\t\t\t\t<\/div>\n\t\t\t\t<\/div>\n\t\t<div class=\"elementor-element elementor-element-8b2729b e-con-full e-flex e-con e-child\" data-id=\"8b2729b\" data-element_type=\"container\" data-e-type=\"container\">\n\t\t\t\t<div class=\"elementor-element elementor-element-8abfc51 elementor-widget elementor-widget-heading\" data-id=\"8abfc51\" data-element_type=\"widget\" data-e-type=\"widget\" data-widget_type=\"heading.default\">\n\t\t\t\t<div class=\"elementor-widget-container\">\n\t\t\t\t\t<h2 class=\"elementor-heading-title elementor-size-default\">We\u2019ll be by your side as you plan your dream destination wedding. From logistics to lodging, transportation, and curated local experiences for you and your guests , we take care of it all, so you can enjoy a seamless, stress-free celebration from start to finish.<\/h2>\t\t\t\t<\/div>\n\t\t\t\t<\/div>\n\t\t\t\t<\/div>\n\t\t\t\t<div class=\"elementor-element elementor-element-325e195 elementor-align-justify elementor-widget elementor-widget-button\" data-id=\"325e195\" data-element_type=\"widget\" data-e-type=\"widget\" data-widget_type=\"button.default\">\n\t\t\t\t<div class=\"elementor-widget-container\">\n\t\t\t\t\t\t\t\t\t<div class=\"elementor-button-wrapper\">\n\t\t\t\t\t<a class=\"elementor-button elementor-button-link elementor-size-sm\" href=\"https:\/\/midnightblue-louse-150295.hostingersite.com\/bodas-destino-servicio-gardenia\/\">\n\t\t\t\t\t\t<span class=\"elementor-button-content-wrapper\">\n\t\t\t\t\t\t\t\t\t<span class=\"elementor-button-text\">Let's start planning your destination wedding in paradise<\/span>\n\t\t\t\t\t<\/span>\n\t\t\t\t\t<\/a>\n\t\t\t\t<\/div>\n\t\t\t\t\t\t\t\t<\/div>\n\t\t\t\t<\/div>\n\t\t\t\t<\/div>\n\t\t<div class=\"elementor-element elementor-element-575b485 e-con-full e-flex elementor-invisible e-con e-child\" data-id=\"575b485\" data-element_type=\"container\" data-e-type=\"container\" data-settings=\"{&quot;animation&quot;:&quot;fadeInRight&quot;}\">\n\t\t\t\t<div class=\"elementor-element elementor-element-31a3fb4 elementor-widget elementor-widget-image\" data-id=\"31a3fb4\" data-element_type=\"widget\" data-e-type=\"widget\" data-widget_type=\"image.default\">\n\t\t\t\t<div class=\"elementor-widget-container\">\n\t\t\t\t\t\t\t\t\t\t\t\t\t\t\t<img decoding=\"async\" width=\"684\" height=\"1024\" src=\"https:\/\/lavieboheme.com.co\/wp-content\/uploads\/2025\/06\/68237e2f44f47a344845c5f3_Boda-Destino-Medellin-wedding-planner-6-684x1024.jpg\" class=\"attachment-large size-large wp-image-72\" alt=\"\" srcset=\"https:\/\/lavieboheme.com.co\/wp-content\/uploads\/2025\/06\/68237e2f44f47a344845c5f3_Boda-Destino-Medellin-wedding-planner-6-684x1024.jpg 684w, https:\/\/lavieboheme.com.co\/wp-content\/uploads\/2025\/06\/68237e2f44f47a344845c5f3_Boda-Destino-Medellin-wedding-planner-6-200x300.jpg 200w, https:\/\/lavieboheme.com.co\/wp-content\/uploads\/2025\/06\/68237e2f44f47a344845c5f3_Boda-Destino-Medellin-wedding-planner-6-768x1150.jpg 768w, https:\/\/lavieboheme.com.co\/wp-content\/uploads\/2025\/06\/68237e2f44f47a344845c5f3_Boda-Destino-Medellin-wedding-planner-6-1026x1536.jpg 1026w, https:\/\/lavieboheme.com.co\/wp-content\/uploads\/2025\/06\/68237e2f44f47a344845c5f3_Boda-Destino-Medellin-wedding-planner-6-1368x2048.jpg 1368w, https:\/\/lavieboheme.com.co\/wp-content\/uploads\/2025\/06\/68237e2f44f47a344845c5f3_Boda-Destino-Medellin-wedding-planner-6.jpg 1469w\" sizes=\"(max-width: 684px) 100vw, 684px\" \/>\t\t\t\t\t\t\t\t\t\t\t\t\t\t\t<\/div>\n\t\t\t\t<\/div>\n\t\t\t\t<div class=\"elementor-element elementor-element-dd409f7 elementor-widget elementor-widget-heading\" data-id=\"dd409f7\" data-element_type=\"widget\" data-e-type=\"widget\" data-widget_type=\"heading.default\">\n\t\t\t\t<div class=\"elementor-widget-container\">\n\t\t\t\t\t<h2 class=\"elementor-heading-title elementor-size-default\">Amapola Service<\/h2>\t\t\t\t<\/div>\n\t\t\t\t<\/div>\n\t\t<div class=\"elementor-element elementor-element-d6c7887 e-con-full e-flex e-con e-child\" data-id=\"d6c7887\" data-element_type=\"container\" data-e-type=\"container\">\n\t\t\t\t<div class=\"elementor-element elementor-element-db6e5ba elementor-widget elementor-widget-heading\" data-id=\"db6e5ba\" data-element_type=\"widget\" data-e-type=\"widget\" data-widget_type=\"heading.default\">\n\t\t\t\t<div class=\"elementor-widget-container\">\n\t\t\t\t\t<h2 class=\"elementor-heading-title elementor-size-default\">We offer comprehensive guidance for your wedding . From conceptualizing your vision and selecting the perfect location, to being by your side throughout the entire event. We make sure every detail comes to life just as planned, so you can enjoy a truly unforgettable celebration.<\/h2>\t\t\t\t<\/div>\n\t\t\t\t<\/div>\n\t\t\t\t<\/div>\n\t\t\t\t<div class=\"elementor-element elementor-element-71ee80f elementor-align-justify elementor-widget elementor-widget-button\" data-id=\"71ee80f\" data-element_type=\"widget\" data-e-type=\"widget\" data-widget_type=\"button.default\">\n\t\t\t\t<div class=\"elementor-widget-container\">\n\t\t\t\t\t\t\t\t\t<div class=\"elementor-button-wrapper\">\n\t\t\t\t\t<a class=\"elementor-button elementor-button-link elementor-size-sm\" href=\"https:\/\/midnightblue-louse-150295.hostingersite.com\/planeacion-total-boheme-servicio-amapola\/\">\n\t\t\t\t\t\t<span class=\"elementor-button-content-wrapper\">\n\t\t\t\t\t\t\t\t\t<span class=\"elementor-button-text\">Let's plan your wedding with total peace of mind<\/span>\n\t\t\t\t\t<\/span>\n\t\t\t\t\t<\/a>\n\t\t\t\t<\/div>\n\t\t\t\t\t\t\t\t<\/div>\n\t\t\t\t<\/div>\n\t\t\t\t<\/div>\n\t\t\t\t<\/div>\n\t\t\t\t\t<\/div>\n\t\t\t\t<\/div>\n\t\t<div class=\"elementor-element elementor-element-f8fe645 e-flex e-con-boxed e-con e-parent\" data-id=\"f8fe645\" data-element_type=\"container\" data-e-type=\"container\" data-settings=\"{&quot;background_background&quot;:&quot;classic&quot;}\">\n\t\t\t\t\t<div class=\"e-con-inner\">\n\t\t\t\t<div class=\"elementor-element elementor-element-eb1b9a3 elementor-align-center elementor-widget elementor-widget-button\" data-id=\"eb1b9a3\" data-element_type=\"widget\" data-e-type=\"widget\" data-widget_type=\"button.default\">\n\t\t\t\t<div class=\"elementor-widget-container\">\n\t\t\t\t\t\t\t\t\t<div class=\"elementor-button-wrapper\">\n\t\t\t\t\t<a class=\"elementor-button elementor-button-link elementor-size-sm\" href=\"http:\/\/www.calendly.com\/la-vie-boheme\/entrevista\">\n\t\t\t\t\t\t<span class=\"elementor-button-content-wrapper\">\n\t\t\t\t\t\t<span class=\"elementor-button-icon\">\n\t\t\t\t<svg xmlns=\"http:\/\/www.w3.org\/2000\/svg\" width=\"33\" height=\"29\" viewbox=\"0 0 33 29\" fill=\"none\"><path d=\"M2.33563 12.5137L29.3763 12.8049C26.681 12.7467 20.7941 13.9412 18.8096 19.1848\" stroke=\"black\" stroke-linecap=\"round\" stroke-linejoin=\"round\"><\/path><path d=\"M2.3545 12.4398L29.3951 12.7764C26.6996 12.772 20.8188 11.4409 18.8595 6.1515\" stroke=\"black\" stroke-linecap=\"round\" stroke-linejoin=\"round\"><\/path><\/svg>\t\t\t<\/span>\n\t\t\t\t\t\t\t\t\t<span class=\"elementor-button-text\">Let's materialize the wedding of your dreams<\/span>\n\t\t\t\t\t<\/span>\n\t\t\t\t\t<\/a>\n\t\t\t\t<\/div>\n\t\t\t\t\t\t\t\t<\/div>\n\t\t\t\t<\/div>\n\t\t\t\t\t<\/div>\n\t\t\t\t<\/div>\n\t\t\t\t<\/div>","protected":false},"excerpt":{"rendered":"<p>Servicios Sabemos que el proceso de planeaci\u00f3n de una boda es \u00fanico para cada pareja. Por eso, en La Vie Boh\u00e8me ofrecemos diferentes planes de asesor\u00eda, acompa\u00f1amiento y organizaci\u00f3n personalizada, adaptados a las necesidades y estilo de cada historia de amor.\u200dComo wedding planners en Medell\u00edn y Santa Marta, creamos bodas a la medida, con un [&hellip;]<\/p>","protected":false},"author":1,"featured_media":0,"parent":0,"menu_order":0,"comment_status":"closed","ping_status":"closed","template":"","meta":{"footnotes":""},"class_list":["post-65","page","type-page","status-publish","hentry"],"yoast_head":"<!-- This site is optimized with the Yoast SEO plugin v27.4 - https:\/\/yoast.com\/product\/yoast-seo-wordpress\/ -->\n<title>Servicios de Wedding Planner para Bodas Destino en Colombia - La Vie Boh\u00e8me<\/title>\n<meta name=\"description\" content=\"Servicios Sabemos que el proceso de planeaci\u00f3n de una boda es \u00fanico para cada pareja. Por eso, ofrecemos diferentes planes de asesor\u00eda, ...\" \/>\n<meta name=\"robots\" content=\"index, follow, max-snippet:-1, max-image-preview:large, max-video-preview:-1\" \/>\n<link rel=\"canonical\" href=\"https:\/\/lavieboheme.com.co\/en\/servicios\/\" \/>\n<meta property=\"og:locale\" content=\"en_US\" \/>\n<meta property=\"og:type\" content=\"article\" \/>\n<meta property=\"og:title\" content=\"Servicios de Wedding Planner para Bodas Destino en Colombia - La Vie Boh\u00e8me\" \/>\n<meta property=\"og:description\" content=\"Servicios Sabemos que el proceso de planeaci\u00f3n de una boda es \u00fanico para cada pareja. Por eso, ofrecemos diferentes planes de asesor\u00eda, ...\" \/>\n<meta property=\"og:url\" content=\"https:\/\/lavieboheme.com.co\/en\/servicios\/\" \/>\n<meta property=\"og:site_name\" content=\"La Vie Boh\u00e8me\" \/>\n<meta property=\"article:modified_time\" content=\"2025-07-22T19:59:29+00:00\" \/>\n<meta property=\"og:image\" content=\"http:\/\/lavieboheme.com.co\/wp-content\/uploads\/2025\/06\/6133e91cfb865fb4c377c95d_sunrays-mustard.svg\" \/>\n<meta name=\"twitter:card\" content=\"summary_large_image\" \/>\n<meta name=\"twitter:label1\" content=\"Est. reading time\" \/>\n\t<meta name=\"twitter:data1\" content=\"2 minutes\" \/>\n<script type=\"application\/ld+json\" class=\"yoast-schema-graph\">{\"@context\":\"https:\\\/\\\/schema.org\",\"@graph\":[{\"@type\":\"WebPage\",\"@id\":\"https:\\\/\\\/lavieboheme.com.co\\\/servicios\\\/\",\"url\":\"https:\\\/\\\/lavieboheme.com.co\\\/servicios\\\/\",\"name\":\"Servicios de Wedding Planner para Bodas Destino en Colombia - La Vie Boh\u00e8me\",\"isPartOf\":{\"@id\":\"https:\\\/\\\/lavieboheme.com.co\\\/#website\"},\"primaryImageOfPage\":{\"@id\":\"https:\\\/\\\/lavieboheme.com.co\\\/servicios\\\/#primaryimage\"},\"image\":{\"@id\":\"https:\\\/\\\/lavieboheme.com.co\\\/servicios\\\/#primaryimage\"},\"thumbnailUrl\":\"http:\\\/\\\/lavieboheme.com.co\\\/wp-content\\\/uploads\\\/2025\\\/06\\\/6133e91cfb865fb4c377c95d_sunrays-mustard.svg\",\"datePublished\":\"2025-06-06T19:12:35+00:00\",\"dateModified\":\"2025-07-22T19:59:29+00:00\",\"description\":\"Servicios Sabemos que el proceso de planeaci\u00f3n de una boda es \u00fanico para cada pareja. Por eso, ofrecemos diferentes planes de asesor\u00eda, ...\",\"breadcrumb\":{\"@id\":\"https:\\\/\\\/lavieboheme.com.co\\\/servicios\\\/#breadcrumb\"},\"inLanguage\":\"en-US\",\"potentialAction\":[{\"@type\":\"ReadAction\",\"target\":[\"https:\\\/\\\/lavieboheme.com.co\\\/servicios\\\/\"]}]},{\"@type\":\"ImageObject\",\"inLanguage\":\"en-US\",\"@id\":\"https:\\\/\\\/lavieboheme.com.co\\\/servicios\\\/#primaryimage\",\"url\":\"http:\\\/\\\/lavieboheme.com.co\\\/wp-content\\\/uploads\\\/2025\\\/06\\\/6133e91cfb865fb4c377c95d_sunrays-mustard.svg\",\"contentUrl\":\"http:\\\/\\\/lavieboheme.com.co\\\/wp-content\\\/uploads\\\/2025\\\/06\\\/6133e91cfb865fb4c377c95d_sunrays-mustard.svg\"},{\"@type\":\"BreadcrumbList\",\"@id\":\"https:\\\/\\\/lavieboheme.com.co\\\/servicios\\\/#breadcrumb\",\"itemListElement\":[{\"@type\":\"ListItem\",\"position\":1,\"name\":\"Portada\",\"item\":\"https:\\\/\\\/lavieboheme.com.co\\\/en\\\/\"},{\"@type\":\"ListItem\",\"position\":2,\"name\":\"Servicios\"}]},{\"@type\":\"WebSite\",\"@id\":\"https:\\\/\\\/lavieboheme.com.co\\\/#website\",\"url\":\"https:\\\/\\\/lavieboheme.com.co\\\/\",\"name\":\"La Vie Boh\u00e8me\",\"description\":\"La\u202fVie\u202fBoh\u00e8me es una wedding planner especializada en bodas destino con un estilo bohemio\",\"publisher\":{\"@id\":\"https:\\\/\\\/lavieboheme.com.co\\\/#organization\"},\"potentialAction\":[{\"@type\":\"SearchAction\",\"target\":{\"@type\":\"EntryPoint\",\"urlTemplate\":\"https:\\\/\\\/lavieboheme.com.co\\\/?s={search_term_string}\"},\"query-input\":{\"@type\":\"PropertyValueSpecification\",\"valueRequired\":true,\"valueName\":\"search_term_string\"}}],\"inLanguage\":\"en-US\"},{\"@type\":\"Organization\",\"@id\":\"https:\\\/\\\/lavieboheme.com.co\\\/#organization\",\"name\":\"La Vie Boh\u00e8me\",\"url\":\"https:\\\/\\\/lavieboheme.com.co\\\/\",\"logo\":{\"@type\":\"ImageObject\",\"inLanguage\":\"en-US\",\"@id\":\"https:\\\/\\\/lavieboheme.com.co\\\/#\\\/schema\\\/logo\\\/image\\\/\",\"url\":\"http:\\\/\\\/lavieboheme.com.co\\\/wp-content\\\/uploads\\\/2025\\\/06\\\/6133eef9ecf1c7bd1f68bdb0_simbolo-la-vie-boheme.png\",\"contentUrl\":\"http:\\\/\\\/lavieboheme.com.co\\\/wp-content\\\/uploads\\\/2025\\\/06\\\/6133eef9ecf1c7bd1f68bdb0_simbolo-la-vie-boheme.png\",\"width\":129,\"height\":118,\"caption\":\"La Vie Boh\u00e8me\"},\"image\":{\"@id\":\"https:\\\/\\\/lavieboheme.com.co\\\/#\\\/schema\\\/logo\\\/image\\\/\"},\"sameAs\":[\"https:\\\/\\\/www.instagram.com\\\/laviebohemeco\"]}]}<\/script>\n<!-- \/ Yoast SEO plugin. -->","yoast_head_json":{"title":"Servicios de Wedding Planner para Bodas Destino en Colombia - La Vie Boh\u00e8me","description":"Servicios Sabemos que el proceso de planeaci\u00f3n de una boda es \u00fanico para cada pareja. Por eso, ofrecemos diferentes planes de asesor\u00eda, ...","robots":{"index":"index","follow":"follow","max-snippet":"max-snippet:-1","max-image-preview":"max-image-preview:large","max-video-preview":"max-video-preview:-1"},"canonical":"https:\/\/lavieboheme.com.co\/en\/servicios\/","og_locale":"en_US","og_type":"article","og_title":"Servicios de Wedding Planner para Bodas Destino en Colombia - La Vie Boh\u00e8me","og_description":"Servicios Sabemos que el proceso de planeaci\u00f3n de una boda es \u00fanico para cada pareja. Por eso, ofrecemos diferentes planes de asesor\u00eda, ...","og_url":"https:\/\/lavieboheme.com.co\/en\/servicios\/","og_site_name":"La Vie Boh\u00e8me","article_modified_time":"2025-07-22T19:59:29+00:00","og_image":[{"url":"http:\/\/lavieboheme.com.co\/wp-content\/uploads\/2025\/06\/6133e91cfb865fb4c377c95d_sunrays-mustard.svg","type":"","width":"","height":""}],"twitter_card":"summary_large_image","twitter_misc":{"Est. reading time":"2 minutes"},"schema":{"@context":"https:\/\/schema.org","@graph":[{"@type":"WebPage","@id":"https:\/\/lavieboheme.com.co\/servicios\/","url":"https:\/\/lavieboheme.com.co\/servicios\/","name":"Servicios de Wedding Planner para Bodas Destino en Colombia - La Vie Boh\u00e8me","isPartOf":{"@id":"https:\/\/lavieboheme.com.co\/#website"},"primaryImageOfPage":{"@id":"https:\/\/lavieboheme.com.co\/servicios\/#primaryimage"},"image":{"@id":"https:\/\/lavieboheme.com.co\/servicios\/#primaryimage"},"thumbnailUrl":"http:\/\/lavieboheme.com.co\/wp-content\/uploads\/2025\/06\/6133e91cfb865fb4c377c95d_sunrays-mustard.svg","datePublished":"2025-06-06T19:12:35+00:00","dateModified":"2025-07-22T19:59:29+00:00","description":"Servicios Sabemos que el proceso de planeaci\u00f3n de una boda es \u00fanico para cada pareja. Por eso, ofrecemos diferentes planes de asesor\u00eda, ...","breadcrumb":{"@id":"https:\/\/lavieboheme.com.co\/servicios\/#breadcrumb"},"inLanguage":"en-US","potentialAction":[{"@type":"ReadAction","target":["https:\/\/lavieboheme.com.co\/servicios\/"]}]},{"@type":"ImageObject","inLanguage":"en-US","@id":"https:\/\/lavieboheme.com.co\/servicios\/#primaryimage","url":"http:\/\/lavieboheme.com.co\/wp-content\/uploads\/2025\/06\/6133e91cfb865fb4c377c95d_sunrays-mustard.svg","contentUrl":"http:\/\/lavieboheme.com.co\/wp-content\/uploads\/2025\/06\/6133e91cfb865fb4c377c95d_sunrays-mustard.svg"},{"@type":"BreadcrumbList","@id":"https:\/\/lavieboheme.com.co\/servicios\/#breadcrumb","itemListElement":[{"@type":"ListItem","position":1,"name":"Portada","item":"https:\/\/lavieboheme.com.co\/en\/"},{"@type":"ListItem","position":2,"name":"Servicios"}]},{"@type":"WebSite","@id":"https:\/\/lavieboheme.com.co\/#website","url":"https:\/\/lavieboheme.com.co\/","name":"La Vie Boh\u00e8me","description":"La\u202fVie\u202fBoh\u00e8me es una wedding planner especializada en bodas destino con un estilo bohemio","publisher":{"@id":"https:\/\/lavieboheme.com.co\/#organization"},"potentialAction":[{"@type":"SearchAction","target":{"@type":"EntryPoint","urlTemplate":"https:\/\/lavieboheme.com.co\/?s={search_term_string}"},"query-input":{"@type":"PropertyValueSpecification","valueRequired":true,"valueName":"search_term_string"}}],"inLanguage":"en-US"},{"@type":"Organization","@id":"https:\/\/lavieboheme.com.co\/#organization","name":"La Vie Boh\u00e8me","url":"https:\/\/lavieboheme.com.co\/","logo":{"@type":"ImageObject","inLanguage":"en-US","@id":"https:\/\/lavieboheme.com.co\/#\/schema\/logo\/image\/","url":"http:\/\/lavieboheme.com.co\/wp-content\/uploads\/2025\/06\/6133eef9ecf1c7bd1f68bdb0_simbolo-la-vie-boheme.png","contentUrl":"http:\/\/lavieboheme.com.co\/wp-content\/uploads\/2025\/06\/6133eef9ecf1c7bd1f68bdb0_simbolo-la-vie-boheme.png","width":129,"height":118,"caption":"La Vie Boh\u00e8me"},"image":{"@id":"https:\/\/lavieboheme.com.co\/#\/schema\/logo\/image\/"},"sameAs":["https:\/\/www.instagram.com\/laviebohemeco"]}]}},"_hostinger_reach_plugin_has_subscription_block":false,"_hostinger_reach_plugin_is_elementor":false,"_links":{"self":[{"href":"https:\/\/lavieboheme.com.co\/en\/wp-json\/wp\/v2\/pages\/65","targetHints":{"allow":["GET"]}}],"collection":[{"href":"https:\/\/lavieboheme.com.co\/en\/wp-json\/wp\/v2\/pages"}],"about":[{"href":"https:\/\/lavieboheme.com.co\/en\/wp-json\/wp\/v2\/types\/page"}],"author":[{"embeddable":true,"href":"https:\/\/lavieboheme.com.co\/en\/wp-json\/wp\/v2\/users\/1"}],"replies":[{"embeddable":true,"href":"https:\/\/lavieboheme.com.co\/en\/wp-json\/wp\/v2\/comments?post=65"}],"version-history":[{"count":5,"href":"https:\/\/lavieboheme.com.co\/en\/wp-json\/wp\/v2\/pages\/65\/revisions"}],"predecessor-version":[{"id":481,"href":"https:\/\/lavieboheme.com.co\/en\/wp-json\/wp\/v2\/pages\/65\/revisions\/481"}],"wp:attachment":[{"href":"https:\/\/lavieboheme.com.co\/en\/wp-json\/wp\/v2\/media?parent=65"}],"curies":[{"name":"wp","href":"https:\/\/api.w.org\/{rel}","templated":true}]}}