{"id":81,"date":"2025-06-06T19:31:53","date_gmt":"2025-06-06T19:31:53","guid":{"rendered":"https:\/\/midnightblue-louse-150295.hostingersite.com\/?page_id=81"},"modified":"2025-06-19T02:39:42","modified_gmt":"2025-06-19T02:39:42","slug":"contacto","status":"publish","type":"page","link":"https:\/\/lavieboheme.com.co\/en\/contacto\/","title":{"rendered":"Contact us"},"content":{"rendered":"<div data-elementor-type=\"wp-page\" data-elementor-id=\"81\" class=\"elementor elementor-81\" data-elementor-post-type=\"page\">\n\t\t\t\t<div class=\"elementor-element elementor-element-0fbd083 e-flex e-con-boxed e-con e-parent\" data-id=\"0fbd083\" data-element_type=\"container\" data-e-type=\"container\">\n\t\t\t\t\t<div class=\"e-con-inner\">\n\t\t\t\t<div class=\"elementor-element elementor-element-31f5178 elementor-widget elementor-widget-heading\" data-id=\"31f5178\" data-element_type=\"widget\" data-e-type=\"widget\" data-widget_type=\"heading.default\">\n\t\t\t\t<div class=\"elementor-widget-container\">\n\t\t\t\t\t<h2 class=\"elementor-heading-title elementor-size-default\">Contact us<\/h2>\t\t\t\t<\/div>\n\t\t\t\t<\/div>\n\t\t\t\t<div class=\"elementor-element elementor-element-270319f form elementor-button-align-stretch elementor-widget elementor-widget-form\" data-id=\"270319f\" data-element_type=\"widget\" data-e-type=\"widget\" data-settings=\"{&quot;step_next_label&quot;:&quot;Next&quot;,&quot;step_previous_label&quot;:&quot;Previous&quot;,&quot;button_width&quot;:&quot;100&quot;,&quot;step_type&quot;:&quot;number_text&quot;,&quot;step_icon_shape&quot;:&quot;circle&quot;}\" data-widget_type=\"form.default\">\n\t\t\t\t<div class=\"elementor-widget-container\">\n\t\t\t\t\t\t\t<form class=\"elementor-form\" method=\"post\" name=\"New Form\" action=\"\">\n\t\t\t<input type=\"hidden\" name=\"post_id\" value=\"81\"\/>\n\t\t\t<input type=\"hidden\" name=\"form_id\" value=\"270319f\"\/>\n\t\t\t<input type=\"hidden\" name=\"referer_title\" value=\"La Vie Boh\u00e8me\" \/>\n\n\t\t\t\n\t\t\t<div class=\"elementor-form-fields-wrapper elementor-labels-above\">\n\t\t\t\t\t\t\t\t<div class=\"elementor-field-type-text elementor-field-group elementor-column elementor-field-group-name elementor-col-100\">\n\t\t\t\t\t\t\t\t\t\t\t\t<label for=\"form-field-name\" class=\"elementor-field-label\">\n\t\t\t\t\t\t\t\tFull Name(s) of Bride\/Groom\t\t\t\t\t\t\t<\/label>\n\t\t\t\t\t\t\t\t\t\t\t\t\t\t<input size=\"1\" type=\"text\" name=\"form_fields[name]\" id=\"form-field-name\" class=\"elementor-field elementor-size-sm  elementor-field-textual\">\n\t\t\t\t\t\t\t\t\t\t\t<\/div>\n\t\t\t\t\t\t\t\t<div class=\"elementor-field-type-email elementor-field-group elementor-column elementor-field-group-email elementor-col-100 elementor-field-required\">\n\t\t\t\t\t\t\t\t\t\t\t\t<label for=\"form-field-email\" class=\"elementor-field-label\">\n\t\t\t\t\t\t\t\tBride\/Groom Email\t\t\t\t\t\t\t<\/label>\n\t\t\t\t\t\t\t\t\t\t\t\t\t\t<input size=\"1\" type=\"email\" name=\"form_fields[email]\" id=\"form-field-email\" class=\"elementor-field elementor-size-sm  elementor-field-textual\" required=\"required\">\n\t\t\t\t\t\t\t\t\t\t\t<\/div>\n\t\t\t\t\t\t\t\t<div class=\"elementor-field-type-tel elementor-field-group elementor-column elementor-field-group-field_b5ebaed elementor-col-100 elementor-field-required\">\n\t\t\t\t\t\t\t\t\t\t\t\t<label for=\"form-field-field_b5ebaed\" class=\"elementor-field-label\">\n\t\t\t\t\t\t\t\t Bride\/Groom\u2019s Phone Number\t\t\t\t\t\t\t<\/label>\n\t\t\t\t\t\t\t\t<input size=\"1\" type=\"tel\" name=\"form_fields[field_b5ebaed]\" id=\"form-field-field_b5ebaed\" class=\"elementor-field elementor-size-sm  elementor-field-textual\" required=\"required\" pattern=\"[0-9()#&amp;+*-=.]+\" title=\"Only numbers and phone characters (#, -, *, etc) are accepted.\">\n\n\t\t\t\t\t\t<\/div>\n\t\t\t\t\t\t\t\t<div class=\"elementor-field-type-select elementor-field-group elementor-column elementor-field-group-field_da1f3d1 elementor-col-100 elementor-field-required\">\n\t\t\t\t\t\t\t\t\t\t\t\t<label for=\"form-field-field_da1f3d1\" class=\"elementor-field-label\">\n\t\t\t\t\t\t\t\tWhat service are you interested in?\t\t\t\t\t\t\t<\/label>\n\t\t\t\t\t\t\t\t<div class=\"elementor-field elementor-select-wrapper remove-before\">\n\t\t\t<div class=\"select-caret-down-wrapper\">\n\t\t\t\t<svg aria-hidden=\"true\" class=\"e-font-icon-svg e-eicon-caret-down\" viewbox=\"0 0 571.4 571.4\" xmlns=\"http:\/\/www.w3.org\/2000\/svg\"><path d=\"M571 393Q571 407 561 418L311 668Q300 679 286 679T261 668L11 418Q0 407 0 393T11 368 36 357H536Q550 357 561 368T571 393Z\"><\/path><\/svg>\t\t\t<\/div>\n\t\t\t<select name=\"form_fields[field_da1f3d1]\" id=\"form-field-field_da1f3d1\" class=\"elementor-field-textual elementor-size-sm\" required=\"required\">\n\t\t\t\t\t\t\t\t\t<option value=\"Servicio Amapola: Planeaci\u00f3n total Boh\u00e9me\">Servicio Amapola: Planeaci\u00f3n total Boh\u00e9me<\/option>\n\t\t\t\t\t\t\t\t\t<option value=\"Servicio Gardenia: Boda destino\">Servicio Gardenia: Boda destino<\/option>\n\t\t\t\t\t\t\t<\/select>\n\t\t<\/div>\n\t\t\t\t\t\t<\/div>\n\t\t\t\t\t\t\t\t<div class=\"elementor-field-type-html elementor-field-group elementor-column elementor-field-group-field_22618c9 elementor-col-100\">\n\t\t\t\t\t<label>\n  <input type=\"checkbox\" name=\"acepto_politica\" required>\n  I accept the <a href=\"https:\/\/cdn.prod.website-files.com\/610b07ed8bed1c966bb82efb\/613c1e62d25b703387a84c73_Poli%CC%81tica%20Tratamiento%20de%20Datos%20LVB.pdf\" target=\"_blank\" rel=\"noopener noreferrer\">data processing policy<\/a>\n<\/label>\n\t\t\t\t<\/div>\n\t\t\t\t\t\t\t\t<div class=\"elementor-field-group elementor-column elementor-field-type-submit elementor-col-100 e-form__buttons\">\n\t\t\t\t\t<button class=\"elementor-button elementor-size-sm\" type=\"submit\">\n\t\t\t\t\t\t<span class=\"elementor-button-content-wrapper\">\n\t\t\t\t\t\t\t\t\t\t\t\t\t\t\t\t\t\t\t\t\t\t<span class=\"elementor-button-text\">SUBMIT<\/span>\n\t\t\t\t\t\t\t\t\t\t\t\t\t<\/span>\n\t\t\t\t\t<\/button>\n\t\t\t\t<\/div>\n\t\t\t<\/div>\n\t\t<input type=\"hidden\" name=\"trp-form-language\" value=\"en\"\/><\/form>\n\t\t\t\t\t\t<\/div>\n\t\t\t\t<\/div>\n\t\t\t\t\t<\/div>\n\t\t\t\t<\/div>\n\t\t\t\t<\/div>","protected":false},"excerpt":{"rendered":"<p>Contact us<\/p>","protected":false},"author":1,"featured_media":0,"parent":0,"menu_order":0,"comment_status":"closed","ping_status":"closed","template":"","meta":{"footnotes":""},"class_list":["post-81","page","type-page","status-publish","hentry"],"yoast_head":"<!-- This site is optimized with the Yoast SEO plugin v27.4 - https:\/\/yoast.com\/product\/yoast-seo-wordpress\/ -->\n<title>Contacto - La Vie Boh\u00e8me<\/title>\n<meta name=\"description\" content=\"\u00bfListos para planear la boda de tus sue\u00f1os? Cont\u00e1ctanos La Vie Boh\u00e8me\" \/>\n<meta name=\"robots\" content=\"index, follow, max-snippet:-1, max-image-preview:large, max-video-preview:-1\" \/>\n<link rel=\"canonical\" href=\"https:\/\/lavieboheme.com.co\/en\/contacto\/\" \/>\n<meta property=\"og:locale\" content=\"en_US\" \/>\n<meta property=\"og:type\" content=\"article\" \/>\n<meta property=\"og:title\" content=\"Contacto - La Vie Boh\u00e8me\" \/>\n<meta property=\"og:description\" content=\"\u00bfListos para planear la boda de tus sue\u00f1os? Cont\u00e1ctanos La Vie Boh\u00e8me\" \/>\n<meta property=\"og:url\" content=\"https:\/\/lavieboheme.com.co\/en\/contacto\/\" \/>\n<meta property=\"og:site_name\" content=\"La Vie Boh\u00e8me\" \/>\n<meta property=\"article:modified_time\" content=\"2025-06-19T02:39:42+00:00\" \/>\n<meta name=\"twitter:card\" content=\"summary_large_image\" \/>\n<meta name=\"twitter:label1\" content=\"Est. reading time\" \/>\n\t<meta name=\"twitter:data1\" content=\"1 minute\" \/>\n<script type=\"application\/ld+json\" class=\"yoast-schema-graph\">{\"@context\":\"https:\\\/\\\/schema.org\",\"@graph\":[{\"@type\":\"WebPage\",\"@id\":\"https:\\\/\\\/lavieboheme.com.co\\\/contacto\\\/\",\"url\":\"https:\\\/\\\/lavieboheme.com.co\\\/contacto\\\/\",\"name\":\"Contacto - La Vie Boh\u00e8me\",\"isPartOf\":{\"@id\":\"https:\\\/\\\/lavieboheme.com.co\\\/#website\"},\"datePublished\":\"2025-06-06T19:31:53+00:00\",\"dateModified\":\"2025-06-19T02:39:42+00:00\",\"description\":\"\u00bfListos para planear la boda de tus sue\u00f1os? Cont\u00e1ctanos La Vie Boh\u00e8me\",\"breadcrumb\":{\"@id\":\"https:\\\/\\\/lavieboheme.com.co\\\/contacto\\\/#breadcrumb\"},\"inLanguage\":\"en-US\",\"potentialAction\":[{\"@type\":\"ReadAction\",\"target\":[\"https:\\\/\\\/lavieboheme.com.co\\\/contacto\\\/\"]}]},{\"@type\":\"BreadcrumbList\",\"@id\":\"https:\\\/\\\/lavieboheme.com.co\\\/contacto\\\/#breadcrumb\",\"itemListElement\":[{\"@type\":\"ListItem\",\"position\":1,\"name\":\"Portada\",\"item\":\"https:\\\/\\\/lavieboheme.com.co\\\/en\\\/\"},{\"@type\":\"ListItem\",\"position\":2,\"name\":\"Contacto\"}]},{\"@type\":\"WebSite\",\"@id\":\"https:\\\/\\\/lavieboheme.com.co\\\/#website\",\"url\":\"https:\\\/\\\/lavieboheme.com.co\\\/\",\"name\":\"La Vie Boh\u00e8me\",\"description\":\"La\u202fVie\u202fBoh\u00e8me es una wedding planner especializada en bodas destino con un estilo bohemio\",\"publisher\":{\"@id\":\"https:\\\/\\\/lavieboheme.com.co\\\/#organization\"},\"potentialAction\":[{\"@type\":\"SearchAction\",\"target\":{\"@type\":\"EntryPoint\",\"urlTemplate\":\"https:\\\/\\\/lavieboheme.com.co\\\/?s={search_term_string}\"},\"query-input\":{\"@type\":\"PropertyValueSpecification\",\"valueRequired\":true,\"valueName\":\"search_term_string\"}}],\"inLanguage\":\"en-US\"},{\"@type\":\"Organization\",\"@id\":\"https:\\\/\\\/lavieboheme.com.co\\\/#organization\",\"name\":\"La Vie Boh\u00e8me\",\"url\":\"https:\\\/\\\/lavieboheme.com.co\\\/\",\"logo\":{\"@type\":\"ImageObject\",\"inLanguage\":\"en-US\",\"@id\":\"https:\\\/\\\/lavieboheme.com.co\\\/#\\\/schema\\\/logo\\\/image\\\/\",\"url\":\"http:\\\/\\\/lavieboheme.com.co\\\/wp-content\\\/uploads\\\/2025\\\/06\\\/6133eef9ecf1c7bd1f68bdb0_simbolo-la-vie-boheme.png\",\"contentUrl\":\"http:\\\/\\\/lavieboheme.com.co\\\/wp-content\\\/uploads\\\/2025\\\/06\\\/6133eef9ecf1c7bd1f68bdb0_simbolo-la-vie-boheme.png\",\"width\":129,\"height\":118,\"caption\":\"La Vie Boh\u00e8me\"},\"image\":{\"@id\":\"https:\\\/\\\/lavieboheme.com.co\\\/#\\\/schema\\\/logo\\\/image\\\/\"},\"sameAs\":[\"https:\\\/\\\/www.instagram.com\\\/laviebohemeco\"]}]}<\/script>\n<!-- \/ Yoast SEO plugin. -->","yoast_head_json":{"title":"Contacto - La Vie Boh\u00e8me","description":"\u00bfListos para planear la boda de tus sue\u00f1os? Cont\u00e1ctanos La Vie Boh\u00e8me","robots":{"index":"index","follow":"follow","max-snippet":"max-snippet:-1","max-image-preview":"max-image-preview:large","max-video-preview":"max-video-preview:-1"},"canonical":"https:\/\/lavieboheme.com.co\/en\/contacto\/","og_locale":"en_US","og_type":"article","og_title":"Contacto - La Vie Boh\u00e8me","og_description":"\u00bfListos para planear la boda de tus sue\u00f1os? Cont\u00e1ctanos La Vie Boh\u00e8me","og_url":"https:\/\/lavieboheme.com.co\/en\/contacto\/","og_site_name":"La Vie Boh\u00e8me","article_modified_time":"2025-06-19T02:39:42+00:00","twitter_card":"summary_large_image","twitter_misc":{"Est. reading time":"1 minute"},"schema":{"@context":"https:\/\/schema.org","@graph":[{"@type":"WebPage","@id":"https:\/\/lavieboheme.com.co\/contacto\/","url":"https:\/\/lavieboheme.com.co\/contacto\/","name":"Contacto - La Vie Boh\u00e8me","isPartOf":{"@id":"https:\/\/lavieboheme.com.co\/#website"},"datePublished":"2025-06-06T19:31:53+00:00","dateModified":"2025-06-19T02:39:42+00:00","description":"\u00bfListos para planear la boda de tus sue\u00f1os? Cont\u00e1ctanos La Vie Boh\u00e8me","breadcrumb":{"@id":"https:\/\/lavieboheme.com.co\/contacto\/#breadcrumb"},"inLanguage":"en-US","potentialAction":[{"@type":"ReadAction","target":["https:\/\/lavieboheme.com.co\/contacto\/"]}]},{"@type":"BreadcrumbList","@id":"https:\/\/lavieboheme.com.co\/contacto\/#breadcrumb","itemListElement":[{"@type":"ListItem","position":1,"name":"Portada","item":"https:\/\/lavieboheme.com.co\/en\/"},{"@type":"ListItem","position":2,"name":"Contacto"}]},{"@type":"WebSite","@id":"https:\/\/lavieboheme.com.co\/#website","url":"https:\/\/lavieboheme.com.co\/","name":"La Vie Boh\u00e8me","description":"La\u202fVie\u202fBoh\u00e8me es una wedding planner especializada en bodas destino con un estilo bohemio","publisher":{"@id":"https:\/\/lavieboheme.com.co\/#organization"},"potentialAction":[{"@type":"SearchAction","target":{"@type":"EntryPoint","urlTemplate":"https:\/\/lavieboheme.com.co\/?s={search_term_string}"},"query-input":{"@type":"PropertyValueSpecification","valueRequired":true,"valueName":"search_term_string"}}],"inLanguage":"en-US"},{"@type":"Organization","@id":"https:\/\/lavieboheme.com.co\/#organization","name":"La Vie Boh\u00e8me","url":"https:\/\/lavieboheme.com.co\/","logo":{"@type":"ImageObject","inLanguage":"en-US","@id":"https:\/\/lavieboheme.com.co\/#\/schema\/logo\/image\/","url":"http:\/\/lavieboheme.com.co\/wp-content\/uploads\/2025\/06\/6133eef9ecf1c7bd1f68bdb0_simbolo-la-vie-boheme.png","contentUrl":"http:\/\/lavieboheme.com.co\/wp-content\/uploads\/2025\/06\/6133eef9ecf1c7bd1f68bdb0_simbolo-la-vie-boheme.png","width":129,"height":118,"caption":"La Vie Boh\u00e8me"},"image":{"@id":"https:\/\/lavieboheme.com.co\/#\/schema\/logo\/image\/"},"sameAs":["https:\/\/www.instagram.com\/laviebohemeco"]}]}},"_hostinger_reach_plugin_has_subscription_block":false,"_hostinger_reach_plugin_is_elementor":false,"_links":{"self":[{"href":"https:\/\/lavieboheme.com.co\/en\/wp-json\/wp\/v2\/pages\/81","targetHints":{"allow":["GET"]}}],"collection":[{"href":"https:\/\/lavieboheme.com.co\/en\/wp-json\/wp\/v2\/pages"}],"about":[{"href":"https:\/\/lavieboheme.com.co\/en\/wp-json\/wp\/v2\/types\/page"}],"author":[{"embeddable":true,"href":"https:\/\/lavieboheme.com.co\/en\/wp-json\/wp\/v2\/users\/1"}],"replies":[{"embeddable":true,"href":"https:\/\/lavieboheme.com.co\/en\/wp-json\/wp\/v2\/comments?post=81"}],"version-history":[{"count":5,"href":"https:\/\/lavieboheme.com.co\/en\/wp-json\/wp\/v2\/pages\/81\/revisions"}],"predecessor-version":[{"id":420,"href":"https:\/\/lavieboheme.com.co\/en\/wp-json\/wp\/v2\/pages\/81\/revisions\/420"}],"wp:attachment":[{"href":"https:\/\/lavieboheme.com.co\/en\/wp-json\/wp\/v2\/media?parent=81"}],"curies":[{"name":"wp","href":"https:\/\/api.w.org\/{rel}","templated":true}]}}